{"id":7026,"date":"2023-01-05T11:48:41","date_gmt":"2023-01-05T10:48:41","guid":{"rendered":"https:\/\/valemo.fr\/newsletters\/"},"modified":"2024-08-06T13:47:56","modified_gmt":"2024-08-06T11:47:56","slug":"newsletters","status":"publish","type":"page","link":"https:\/\/valemo.fr\/en\/newsletters\/","title":{"rendered":"Newsletters"},"content":{"rendered":"\t\t<div data-elementor-type=\"wp-page\" data-elementor-id=\"7026\" class=\"elementor elementor-7026 elementor-5199\">\n\t\t\t\t\t\t<section class=\"elementor-section elementor-top-section elementor-element elementor-element-dcf78e7 elementor-section-height-min-height elementor-section-boxed elementor-section-height-default elementor-section-items-middle\" data-id=\"dcf78e7\" data-element_type=\"section\" data-settings=\"{&quot;jet_parallax_layout_list&quot;:[{&quot;jet_parallax_layout_image&quot;:{&quot;url&quot;:&quot;&quot;,&quot;id&quot;:&quot;&quot;,&quot;size&quot;:&quot;&quot;},&quot;_id&quot;:&quot;81550c4&quot;,&quot;jet_parallax_layout_image_tablet&quot;:{&quot;url&quot;:&quot;&quot;,&quot;id&quot;:&quot;&quot;,&quot;size&quot;:&quot;&quot;},&quot;jet_parallax_layout_image_mobile&quot;:{&quot;url&quot;:&quot;&quot;,&quot;id&quot;:&quot;&quot;,&quot;size&quot;:&quot;&quot;},&quot;jet_parallax_layout_speed&quot;:{&quot;unit&quot;:&quot;%&quot;,&quot;size&quot;:50,&quot;sizes&quot;:[]},&quot;jet_parallax_layout_type&quot;:&quot;scroll&quot;,&quot;jet_parallax_layout_direction&quot;:null,&quot;jet_parallax_layout_fx_direction&quot;:null,&quot;jet_parallax_layout_z_index&quot;:&quot;&quot;,&quot;jet_parallax_layout_bg_x&quot;:50,&quot;jet_parallax_layout_bg_x_tablet&quot;:&quot;&quot;,&quot;jet_parallax_layout_bg_x_mobile&quot;:&quot;&quot;,&quot;jet_parallax_layout_bg_y&quot;:50,&quot;jet_parallax_layout_bg_y_tablet&quot;:&quot;&quot;,&quot;jet_parallax_layout_bg_y_mobile&quot;:&quot;&quot;,&quot;jet_parallax_layout_bg_size&quot;:&quot;auto&quot;,&quot;jet_parallax_layout_bg_size_tablet&quot;:&quot;&quot;,&quot;jet_parallax_layout_bg_size_mobile&quot;:&quot;&quot;,&quot;jet_parallax_layout_animation_prop&quot;:&quot;transform&quot;,&quot;jet_parallax_layout_on&quot;:[&quot;desktop&quot;,&quot;tablet&quot;]}],&quot;background_background&quot;:&quot;classic&quot;}\">\n\t\t\t\t\t\t<div class=\"elementor-container elementor-column-gap-default\">\n\t\t\t\t\t<div class=\"elementor-column elementor-col-100 elementor-top-column elementor-element elementor-element-107b120\" data-id=\"107b120\" data-element_type=\"column\">\n\t\t\t<div class=\"elementor-widget-wrap elementor-element-populated\">\n\t\t\t\t\t\t<div class=\"elementor-element elementor-element-67b863c elementor-invisible elementor-widget elementor-widget-heading\" data-id=\"67b863c\" data-element_type=\"widget\" data-settings=\"{&quot;_animation&quot;:&quot;fadeInDown&quot;}\" data-widget_type=\"heading.default\">\n\t\t\t\t<div class=\"elementor-widget-container\">\n\t\t\t\t\t<h2 class=\"elementor-heading-title elementor-size-default\">Newsletters<\/h2>\t\t\t\t<\/div>\n\t\t\t\t<\/div>\n\t\t\t\t<div class=\"elementor-element elementor-element-80c75a6 raven-hover-grayscale-reverse elementor-widget elementor-widget-raven-posts\" data-id=\"80c75a6\" data-element_type=\"widget\" data-settings=\"{&quot;query_posts_per_page&quot;:3,&quot;classic_layout&quot;:&quot;masonry&quot;,&quot;classic_columns_tablet&quot;:&quot;3&quot;,&quot;classic_show_pagination&quot;:&quot;yes&quot;,&quot;classic_pagination_type&quot;:&quot;load_more&quot;,&quot;_skin&quot;:&quot;classic&quot;,&quot;classic_columns&quot;:&quot;3&quot;,&quot;classic_columns_mobile&quot;:&quot;1&quot;,&quot;query_offset&quot;:0}\" data-widget_type=\"raven-posts.classic\">\n\t\t\t\t<div class=\"elementor-widget-container\">\n\t\t\t\t\t\t\t<div class=\"raven-posts raven-masonry raven-masonry-3 raven-masonry-mobile-1 raven-masonry-tablet-3\" data-post-id=\"7026\" data-archive-query=\"\" data-lang=\"\">\r\n\t\t\t\t<div class=\"raven-masonry-item raven-post-item post-9984 post type-post status-publish format-standard has-post-thumbnail hentry category-newsletters-en\">\r\n\t\t\t<div class=\"raven-post\">\r\n\t\t\t\t\t\t<div class=\"raven-post-image-wrap\">\r\n\t\t\t<a class=\"raven-post-image\" href=\"https:\/\/valemo.fr\/en\/2025\/07\/11\/july-2025\/\"><img fetchpriority=\"high\" decoding=\"async\" width=\"1024\" height=\"577\" src=\"https:\/\/valemo.fr\/wp-content\/uploads\/sites\/16\/2025\/07\/Vignette-2025-1024x577.jpg\" class=\"attachment-large size-large wp-image-9982\" alt=\"\" srcset=\"https:\/\/valemo.fr\/wp-content\/uploads\/sites\/16\/2025\/07\/Vignette-2025-1024x577.jpg 1024w, https:\/\/valemo.fr\/wp-content\/uploads\/sites\/16\/2025\/07\/Vignette-2025-300x169.jpg 300w, https:\/\/valemo.fr\/wp-content\/uploads\/sites\/16\/2025\/07\/Vignette-2025-768x433.jpg 768w, https:\/\/valemo.fr\/wp-content\/uploads\/sites\/16\/2025\/07\/Vignette-2025-1536x865.jpg 1536w, https:\/\/valemo.fr\/wp-content\/uploads\/sites\/16\/2025\/07\/Vignette-2025-2048x1154.jpg 2048w\" sizes=\"(max-width: 1024px) 100vw, 1024px\" \/> <span class=\"raven-post-image-overlay\"><\/span><\/a>\t\t<\/div>\r\n\t\t\t\t\t\t<div class=\"raven-post-content\">\r\n\t\t\t\t\t<h3 class=\"raven-post-title\"><a class=\"raven-post-title-link\" href=\"https:\/\/valemo.fr\/en\/2025\/07\/11\/july-2025\/\">July 2025<\/a><\/h3><div class=\"raven-post-excerpt\">Exemplarity: Our Strongest Answer\n\nThe moratorium proposed last June by several members of the National Assembly, aiming to halt the development of wind and solar power, was narrowly rejected. Yet another warning that reminds us just how fragile our sector remains...<\/div>\t\t<div class=\"raven-post-read-more\">\r\n\t\t\t<a class=\"raven-post-button\" href=\"https:\/\/valemo.fr\/en\/2025\/07\/11\/july-2025\/\"><span class=\"raven-post-button-text\">Read more<\/span><\/a>\r\n\t\t<\/div>\r\n\t\t\t\t\t\t<\/div>\r\n\t\t\t<\/div>\r\n\t\t<\/div>\r\n\t\t\t\t<div class=\"raven-masonry-item raven-post-item post-9807 post type-post status-publish format-standard has-post-thumbnail hentry category-newsletters-en\">\r\n\t\t\t<div class=\"raven-post\">\r\n\t\t\t\t\t\t<div class=\"raven-post-image-wrap\">\r\n\t\t\t<a class=\"raven-post-image\" href=\"https:\/\/valemo.fr\/en\/2025\/04\/15\/april-2025\/\"><img decoding=\"async\" width=\"1024\" height=\"577\" src=\"https:\/\/valemo.fr\/wp-content\/uploads\/sites\/16\/2025\/04\/Trame-vignette-NL-site-1024x577.jpg\" class=\"attachment-large size-large wp-image-9803\" alt=\"\" srcset=\"https:\/\/valemo.fr\/wp-content\/uploads\/sites\/16\/2025\/04\/Trame-vignette-NL-site-1024x577.jpg 1024w, https:\/\/valemo.fr\/wp-content\/uploads\/sites\/16\/2025\/04\/Trame-vignette-NL-site-300x169.jpg 300w, https:\/\/valemo.fr\/wp-content\/uploads\/sites\/16\/2025\/04\/Trame-vignette-NL-site-768x433.jpg 768w, https:\/\/valemo.fr\/wp-content\/uploads\/sites\/16\/2025\/04\/Trame-vignette-NL-site-1536x865.jpg 1536w, https:\/\/valemo.fr\/wp-content\/uploads\/sites\/16\/2025\/04\/Trame-vignette-NL-site-2048x1154.jpg 2048w\" sizes=\"(max-width: 1024px) 100vw, 1024px\" \/> <span class=\"raven-post-image-overlay\"><\/span><\/a>\t\t<\/div>\r\n\t\t\t\t\t\t<div class=\"raven-post-content\">\r\n\t\t\t\t\t<h3 class=\"raven-post-title\"><a class=\"raven-post-title-link\" href=\"https:\/\/valemo.fr\/en\/2025\/04\/15\/april-2025\/\">April 2025<\/a><\/h3><div class=\"raven-post-excerpt\">Hello everyone,\n\nTo enrich the many discussions we\u2019ll have with our clients and partners at upcoming trade shows, we\u2019re sharing our latest news on onshore and offshore projects, wind and solar energy, in France and internationally, covering audits, maintenance, and operations.\n\nHere are the key events where we can discuss your challenges together<\/div>\t\t<div class=\"raven-post-read-more\">\r\n\t\t\t<a class=\"raven-post-button\" href=\"https:\/\/valemo.fr\/en\/2025\/04\/15\/april-2025\/\"><span class=\"raven-post-button-text\">Read more<\/span><\/a>\r\n\t\t<\/div>\r\n\t\t\t\t\t\t<\/div>\r\n\t\t\t<\/div>\r\n\t\t<\/div>\r\n\t\t\t\t<div class=\"raven-masonry-item raven-post-item post-9687 post type-post status-publish format-standard has-post-thumbnail hentry category-newsletters-en\">\r\n\t\t\t<div class=\"raven-post\">\r\n\t\t\t\t\t\t<div class=\"raven-post-image-wrap\">\r\n\t\t\t<a class=\"raven-post-image\" href=\"https:\/\/valemo.fr\/en\/2025\/01\/29\/january-2025-2\/\"><img decoding=\"async\" width=\"1024\" height=\"683\" src=\"https:\/\/valemo.fr\/wp-content\/uploads\/sites\/16\/2025\/01\/WP-actu-3-1024x683.jpg\" class=\"attachment-large size-large wp-image-9640\" alt=\"\" srcset=\"https:\/\/valemo.fr\/wp-content\/uploads\/sites\/16\/2025\/01\/WP-actu-3-1024x683.jpg 1024w, https:\/\/valemo.fr\/wp-content\/uploads\/sites\/16\/2025\/01\/WP-actu-3-300x200.jpg 300w, https:\/\/valemo.fr\/wp-content\/uploads\/sites\/16\/2025\/01\/WP-actu-3-768x512.jpg 768w, https:\/\/valemo.fr\/wp-content\/uploads\/sites\/16\/2025\/01\/WP-actu-3-1536x1024.jpg 1536w, https:\/\/valemo.fr\/wp-content\/uploads\/sites\/16\/2025\/01\/WP-actu-3-2048x1365.jpg 2048w\" sizes=\"(max-width: 1024px) 100vw, 1024px\" \/> <span class=\"raven-post-image-overlay\"><\/span><\/a>\t\t<\/div>\r\n\t\t\t\t\t\t<div class=\"raven-post-content\">\r\n\t\t\t\t\t<h3 class=\"raven-post-title\"><a class=\"raven-post-title-link\" href=\"https:\/\/valemo.fr\/en\/2025\/01\/29\/january-2025-2\/\">January 2025<\/a><\/h3><div class=\"raven-post-excerpt\">VALEMO Newsletter january 2025 VALEMO Newsletter January 2025 An exciting start to the year for VALEMO! &#34;The start of 2025 is particularly exciting for us, as it marks a major milestone in VALEMO&#39;s history with our first international<\/div>\t\t<div class=\"raven-post-read-more\">\r\n\t\t\t<a class=\"raven-post-button\" href=\"https:\/\/valemo.fr\/en\/2025\/01\/29\/january-2025-2\/\"><span class=\"raven-post-button-text\">Read more<\/span><\/a>\r\n\t\t<\/div>\r\n\t\t\t\t\t\t<\/div>\r\n\t\t\t<\/div>\r\n\t\t<\/div>\r\n\t\t\t\t<\/div>\r\n\t\t\t\t<div class=\"raven-load-more\" data-settings=\"{&quot;maxNumPages&quot;:6}\">\r\n\t\t\t<a class=\"raven-load-more-button\" href=\"#\"><span class=\"raven-post-button-text\">Load More<\/span><\/a>\r\n\t\t<\/div>\r\n\t\t\t\t\t\t<\/div>\n\t\t\t\t<\/div>\n\t\t\t\t\t<\/div>\n\t\t<\/div>\n\t\t\t\t\t<\/div>\n\t\t<\/section>\n\t\t\t\t<\/div>\n\t\t","protected":false},"excerpt":{"rendered":"<p>Newsletters Juillet 2024 VALEMO vous accompagne dans le changement des \u00e9quipements de t\u00e9l\u00e9action (au PdL et au Poste Source) afin qu\u2019ils puissent r\u00e9pondre au nouveau protocole de communication mis en place par ENEDIS et Orange. Ces d\u00e9marches interviennent dans le cadre Read more Avril 2024 Depuis le mois de janvier, VALEMO vous offre l\u2019opportunit\u00e9 de [&hellip;]<\/p>\n","protected":false},"author":1,"featured_media":6410,"parent":0,"menu_order":0,"comment_status":"closed","ping_status":"closed","template":"","meta":{"_acf_changed":false,"footnotes":""},"class_list":["post-7026","page","type-page","status-publish","has-post-thumbnail","hentry"],"acf":[],"yoast_head":"<!-- This site is optimized with the Yoast SEO plugin v25.1 - https:\/\/yoast.com\/wordpress\/plugins\/seo\/ -->\n<title>Newsletters - valemo.fr<\/title>\n<meta name=\"robots\" content=\"index, follow, max-snippet:-1, max-image-preview:large, max-video-preview:-1\" \/>\n<link rel=\"canonical\" href=\"https:\/\/valemo.fr\/newsletters\/\" \/>\n<meta property=\"og:locale\" content=\"en_US\" \/>\n<meta property=\"og:type\" content=\"article\" \/>\n<meta property=\"og:title\" content=\"Newsletters - valemo.fr\" \/>\n<meta property=\"og:description\" content=\"Newsletters Juillet 2024 VALEMO vous accompagne dans le changement des \u00e9quipements de t\u00e9l\u00e9action (au PdL et au Poste Source) afin qu\u2019ils puissent r\u00e9pondre au nouveau protocole de communication mis en place par ENEDIS et Orange. Ces d\u00e9marches interviennent dans le cadre Read more Avril 2024 Depuis le mois de janvier, VALEMO vous offre l\u2019opportunit\u00e9 de [&hellip;]\" \/>\n<meta property=\"og:url\" content=\"https:\/\/valemo.fr\/newsletters\/\" \/>\n<meta property=\"og:site_name\" content=\"valemo.fr\" \/>\n<meta property=\"article:modified_time\" content=\"2024-08-06T11:47:56+00:00\" \/>\n<meta property=\"og:image\" content=\"https:\/\/valemo.fr\/wp-content\/uploads\/sites\/16\/2022\/11\/\u00a9StephaneAdam-BD-DSC_9012-1.jpg\" \/>\n\t<meta property=\"og:image:width\" content=\"1580\" \/>\n\t<meta property=\"og:image:height\" content=\"889\" \/>\n\t<meta property=\"og:image:type\" content=\"image\/jpeg\" \/>\n<meta name=\"twitter:card\" content=\"summary_large_image\" \/>\n<meta name=\"twitter:label1\" content=\"Est. reading time\" \/>\n\t<meta name=\"twitter:data1\" content=\"2 minutes\" \/>\n<script type=\"application\/ld+json\" class=\"yoast-schema-graph\">{\"@context\":\"https:\/\/schema.org\",\"@graph\":[{\"@type\":\"WebPage\",\"@id\":\"https:\/\/valemo.fr\/newsletters\/\",\"url\":\"https:\/\/valemo.fr\/newsletters\/\",\"name\":\"Newsletters - valemo.fr\",\"isPartOf\":{\"@id\":\"https:\/\/valemo.fr\/#website\"},\"primaryImageOfPage\":{\"@id\":\"https:\/\/valemo.fr\/newsletters\/#primaryimage\"},\"image\":{\"@id\":\"https:\/\/valemo.fr\/newsletters\/#primaryimage\"},\"thumbnailUrl\":\"https:\/\/valemo.fr\/wp-content\/uploads\/sites\/16\/2022\/11\/\u00a9StephaneAdam-BD-DSC_9012-1.jpg\",\"datePublished\":\"2023-01-05T10:48:41+00:00\",\"dateModified\":\"2024-08-06T11:47:56+00:00\",\"breadcrumb\":{\"@id\":\"https:\/\/valemo.fr\/newsletters\/#breadcrumb\"},\"inLanguage\":\"en-US\",\"potentialAction\":[{\"@type\":\"ReadAction\",\"target\":[\"https:\/\/valemo.fr\/newsletters\/\"]}]},{\"@type\":\"ImageObject\",\"inLanguage\":\"en-US\",\"@id\":\"https:\/\/valemo.fr\/newsletters\/#primaryimage\",\"url\":\"https:\/\/valemo.fr\/wp-content\/uploads\/sites\/16\/2022\/11\/\u00a9StephaneAdam-BD-DSC_9012-1.jpg\",\"contentUrl\":\"https:\/\/valemo.fr\/wp-content\/uploads\/sites\/16\/2022\/11\/\u00a9StephaneAdam-BD-DSC_9012-1.jpg\",\"width\":1580,\"height\":889,\"caption\":\"Conduite de parc \u00e9olien HTB\"},{\"@type\":\"BreadcrumbList\",\"@id\":\"https:\/\/valemo.fr\/newsletters\/#breadcrumb\",\"itemListElement\":[{\"@type\":\"ListItem\",\"position\":1,\"name\":\"Accueil\",\"item\":\"https:\/\/valemo.fr\/en\/\"},{\"@type\":\"ListItem\",\"position\":2,\"name\":\"Newsletters\"}]},{\"@type\":\"WebSite\",\"@id\":\"https:\/\/valemo.fr\/#website\",\"url\":\"https:\/\/valemo.fr\/\",\"name\":\"valemo.fr\",\"description\":\"Exploitation &amp; maintenance EnR\",\"publisher\":{\"@id\":\"https:\/\/valemo.fr\/#organization\"},\"potentialAction\":[{\"@type\":\"SearchAction\",\"target\":{\"@type\":\"EntryPoint\",\"urlTemplate\":\"https:\/\/valemo.fr\/?s={search_term_string}\"},\"query-input\":{\"@type\":\"PropertyValueSpecification\",\"valueRequired\":true,\"valueName\":\"search_term_string\"}}],\"inLanguage\":\"en-US\"},{\"@type\":\"Organization\",\"@id\":\"https:\/\/valemo.fr\/#organization\",\"name\":\"valemo.fr\",\"url\":\"https:\/\/valemo.fr\/\",\"logo\":{\"@type\":\"ImageObject\",\"inLanguage\":\"en-US\",\"@id\":\"https:\/\/valemo.fr\/#\/schema\/logo\/image\/\",\"url\":\"https:\/\/valemo.fr\/wp-content\/uploads\/sites\/16\/2022\/11\/th.jpg\",\"contentUrl\":\"https:\/\/valemo.fr\/wp-content\/uploads\/sites\/16\/2022\/11\/th.jpg\",\"width\":474,\"height\":376,\"caption\":\"valemo.fr\"},\"image\":{\"@id\":\"https:\/\/valemo.fr\/#\/schema\/logo\/image\/\"}}]}<\/script>\n<!-- \/ Yoast SEO plugin. -->","yoast_head_json":{"title":"Newsletters - valemo.fr","robots":{"index":"index","follow":"follow","max-snippet":"max-snippet:-1","max-image-preview":"max-image-preview:large","max-video-preview":"max-video-preview:-1"},"canonical":"https:\/\/valemo.fr\/newsletters\/","og_locale":"en_US","og_type":"article","og_title":"Newsletters - valemo.fr","og_description":"Newsletters Juillet 2024 VALEMO vous accompagne dans le changement des \u00e9quipements de t\u00e9l\u00e9action (au PdL et au Poste Source) afin qu\u2019ils puissent r\u00e9pondre au nouveau protocole de communication mis en place par ENEDIS et Orange. Ces d\u00e9marches interviennent dans le cadre Read more Avril 2024 Depuis le mois de janvier, VALEMO vous offre l\u2019opportunit\u00e9 de [&hellip;]","og_url":"https:\/\/valemo.fr\/newsletters\/","og_site_name":"valemo.fr","article_modified_time":"2024-08-06T11:47:56+00:00","og_image":[{"width":1580,"height":889,"url":"https:\/\/valemo.fr\/wp-content\/uploads\/sites\/16\/2022\/11\/\u00a9StephaneAdam-BD-DSC_9012-1.jpg","type":"image\/jpeg"}],"twitter_card":"summary_large_image","twitter_misc":{"Est. reading time":"2 minutes"},"schema":{"@context":"https:\/\/schema.org","@graph":[{"@type":"WebPage","@id":"https:\/\/valemo.fr\/newsletters\/","url":"https:\/\/valemo.fr\/newsletters\/","name":"Newsletters - valemo.fr","isPartOf":{"@id":"https:\/\/valemo.fr\/#website"},"primaryImageOfPage":{"@id":"https:\/\/valemo.fr\/newsletters\/#primaryimage"},"image":{"@id":"https:\/\/valemo.fr\/newsletters\/#primaryimage"},"thumbnailUrl":"https:\/\/valemo.fr\/wp-content\/uploads\/sites\/16\/2022\/11\/\u00a9StephaneAdam-BD-DSC_9012-1.jpg","datePublished":"2023-01-05T10:48:41+00:00","dateModified":"2024-08-06T11:47:56+00:00","breadcrumb":{"@id":"https:\/\/valemo.fr\/newsletters\/#breadcrumb"},"inLanguage":"en-US","potentialAction":[{"@type":"ReadAction","target":["https:\/\/valemo.fr\/newsletters\/"]}]},{"@type":"ImageObject","inLanguage":"en-US","@id":"https:\/\/valemo.fr\/newsletters\/#primaryimage","url":"https:\/\/valemo.fr\/wp-content\/uploads\/sites\/16\/2022\/11\/\u00a9StephaneAdam-BD-DSC_9012-1.jpg","contentUrl":"https:\/\/valemo.fr\/wp-content\/uploads\/sites\/16\/2022\/11\/\u00a9StephaneAdam-BD-DSC_9012-1.jpg","width":1580,"height":889,"caption":"Conduite de parc \u00e9olien HTB"},{"@type":"BreadcrumbList","@id":"https:\/\/valemo.fr\/newsletters\/#breadcrumb","itemListElement":[{"@type":"ListItem","position":1,"name":"Accueil","item":"https:\/\/valemo.fr\/en\/"},{"@type":"ListItem","position":2,"name":"Newsletters"}]},{"@type":"WebSite","@id":"https:\/\/valemo.fr\/#website","url":"https:\/\/valemo.fr\/","name":"valemo.fr","description":"Exploitation &amp; maintenance EnR","publisher":{"@id":"https:\/\/valemo.fr\/#organization"},"potentialAction":[{"@type":"SearchAction","target":{"@type":"EntryPoint","urlTemplate":"https:\/\/valemo.fr\/?s={search_term_string}"},"query-input":{"@type":"PropertyValueSpecification","valueRequired":true,"valueName":"search_term_string"}}],"inLanguage":"en-US"},{"@type":"Organization","@id":"https:\/\/valemo.fr\/#organization","name":"valemo.fr","url":"https:\/\/valemo.fr\/","logo":{"@type":"ImageObject","inLanguage":"en-US","@id":"https:\/\/valemo.fr\/#\/schema\/logo\/image\/","url":"https:\/\/valemo.fr\/wp-content\/uploads\/sites\/16\/2022\/11\/th.jpg","contentUrl":"https:\/\/valemo.fr\/wp-content\/uploads\/sites\/16\/2022\/11\/th.jpg","width":474,"height":376,"caption":"valemo.fr"},"image":{"@id":"https:\/\/valemo.fr\/#\/schema\/logo\/image\/"}}]}},"_links":{"self":[{"href":"https:\/\/valemo.fr\/en\/wp-json\/wp\/v2\/pages\/7026","targetHints":{"allow":["GET"]}}],"collection":[{"href":"https:\/\/valemo.fr\/en\/wp-json\/wp\/v2\/pages"}],"about":[{"href":"https:\/\/valemo.fr\/en\/wp-json\/wp\/v2\/types\/page"}],"author":[{"embeddable":true,"href":"https:\/\/valemo.fr\/en\/wp-json\/wp\/v2\/users\/1"}],"replies":[{"embeddable":true,"href":"https:\/\/valemo.fr\/en\/wp-json\/wp\/v2\/comments?post=7026"}],"version-history":[{"count":0,"href":"https:\/\/valemo.fr\/en\/wp-json\/wp\/v2\/pages\/7026\/revisions"}],"wp:featuredmedia":[{"embeddable":true,"href":"https:\/\/valemo.fr\/en\/wp-json\/wp\/v2\/media\/6410"}],"wp:attachment":[{"href":"https:\/\/valemo.fr\/en\/wp-json\/wp\/v2\/media?parent=7026"}],"curies":[{"name":"wp","href":"https:\/\/api.w.org\/{rel}","templated":true}]}}