{"id":7019,"date":"2020-05-13T11:14:04","date_gmt":"2020-05-13T09:14:04","guid":{"rendered":"https:\/\/valemo.fr\/politique-de-protection-des-donnees-personnelles\/"},"modified":"2023-02-06T15:25:13","modified_gmt":"2023-02-06T14:25:13","slug":"politique-de-protection-des-donnees-personnelles","status":"publish","type":"page","link":"https:\/\/valemo.fr\/en\/politique-de-protection-des-donnees-personnelles\/","title":{"rendered":"Politique de protection des donn\u00e9es personnelles"},"content":{"rendered":"\n<p><strong><u>PROTECTION DES DONNEES PERSONNELLES<\/u><\/strong><\/p>\n\n<p><strong><u>Article 1 : Traitements des donn\u00e9es personnelles.<\/u><\/strong><\/p>\n\n<p><strong>Responsable de traitement<\/strong> :<\/p>\n\n<p>Le site <a href=\"http:\/\/www.valemo.fr\">www.valemo.fr<\/a> est \u00e9dit\u00e9 par la soci\u00e9t\u00e9 VALEMO, SAS sise 213 cours Victor Hugo 33130 B\u00e8gles inscrite au RCS de Bordeaux sous le n\u00b0387 803 777 (\u00ab VALEMO \u00bb).<\/p>\n\n<p>Afin de garantir au mieux le respect de la r\u00e9glementation applicable, Valemo a proc\u00e9d\u00e9 \u00e0 la nomination d\u2019un d\u00e9l\u00e9gu\u00e9 \u00e0 la protection des donn\u00e9es (DPO). Le DPO veille au respect des r\u00e8gles de protection de vos donn\u00e9es personnelles. \u00c0 ce titre, il est l\u2019interlocuteur privil\u00e9gi\u00e9 de toutes personnes concern\u00e9es par une collecte ou un traitement de donn\u00e9es \u00e0 caract\u00e8re personnel. C\u2019est aupr\u00e8s de lui que peut notamment s\u2019exercer votre droit d\u2019acc\u00e8s aux informations trait\u00e9es.   <\/p>\n\n<p><strong>Cat\u00e9gories de donn\u00e9es et de personnes concern\u00e9es :<\/strong><\/p>\n\n<p>Par \u00ab donn\u00e9es personnelles \u00bb, il faut entendre : \u00ab toute information se rapportant \u00e0 une personne physique identifi\u00e9e ou identifiable (d\u00e9nomm\u00e9e \u00ab personne concern\u00e9e \u00bb); est r\u00e9put\u00e9e \u00eatre une \u00abpersonne physique identifiable\u00bb une personne physique qui peut \u00eatre identifi\u00e9e, directement ou indirectement, notamment par r\u00e9f\u00e9rence \u00e0 un identifiant, tel qu&#8217;un nom, un num\u00e9ro d&#8217;identification, des donn\u00e9es de localisation, un identifiant en ligne, ou \u00e0 un ou plusieurs \u00e9l\u00e9ments sp\u00e9cifiques propres \u00e0 son identit\u00e9 physique, physiologique, g\u00e9n\u00e9tique, psychique, \u00e9conomique, culturelle ou sociale \u00bb.<\/p>\n\n<p>A l\u2019occasion de la consultation du site www.valemo.fr (le \u00ab Site \u00bb), des informations suivantes sur l\u2019utilisateur du Site sont recueillies :<\/p>\n\n<ul class=\"wp-block-list\"><li>l\u2019URL des liens par l\u2019interm\u00e9diaire desquels l\u2019utilisateur a acc\u00e9d\u00e9 au Site permettant au responsable de traitement de connaitre le site \u00e0 l\u2019origine de la visite.<\/li><li>l\u2019adresse de protocole Internet (IP) de l\u2019utilisateur permettant au responsable de traitement de connaitre l\u2019audience du site.<\/li><li>L\u2019adresse email de l\u2019utilisateur et son consentement \u00e0 recevoir les Newsletters de VALEMO le cas \u00e9ch\u00e9ant.<\/li><\/ul>\n<p>VALEMO peut collecter ces informations personnelles relatives \u00e0 l\u2019utilisateur via des cookies. Toutes informations portant sur leur utilisation figurent en article 2 de la pr\u00e9sente politique de confidentialit\u00e9. <\/p>\n\n<p><strong>Finalit\u00e9s :<\/strong><\/p>\n\n<p>Les donn\u00e9es sont collect\u00e9es pour :<\/p>\n\n<ul class=\"wp-block-list\"><li>am\u00e9liorer l\u2019exp\u00e9rience utilisateur sur le Site ;<\/li><li>permettre au responsable de traitement de conna\u00eetre le nombre de visite sur le Site ;<\/li><li>permettre au responsable de traitement d\u2019\u00e9laborer des partenariats avec d\u2019autres Site.<\/li><li>permettre au responsable de traitement de communiquer ses actualit\u00e9s.<\/li><\/ul>\n<p><strong>Base l\u00e9gale<\/strong><\/p>\n\n<p>Les donn\u00e9es personnelles sont trait\u00e9es sur la base des int\u00e9r\u00eats l\u00e9gitimes du responsable de traitement (Article 6 (1) f) du r\u00e8glement europ\u00e9en 2016\/679 (r\u00e8glement g\u00e9n\u00e9ral sur la protection des donn\u00e9es &#8211; RGPD) \u2013 \u00ab le traitement est n\u00e9cessaire aux fins des int\u00e9r\u00eats l\u00e9gitimes poursuivis par le responsable de traitement \u00bb).<\/p>\n\n<p>Dans le cadre de l\u2019inscription \u00e0 la newsletter et de l\u2019utilisation de cookies (\u00e0 l\u2019exception des cookies techniques), les donn\u00e9es personnelles sont trait\u00e9es sur la base du consentement de l\u2019internaute (Article 6 (1) a) du r\u00e8glement europ\u00e9en 2016\/679\u2013 \u00ab la personne a consenti au traitement de ses donn\u00e9es \u00bb).<\/p>\n\n<p><strong>Dur\u00e9e de conservation :<\/strong><\/p>\n\n<p><a>Les donn\u00e9es collect\u00e9es sont conserv\u00e9es pendant une dur\u00e9e n\u00e9cessaire \u00e0 la poursuite des finalit\u00e9s par exemple la dur\u00e9e d\u2019inscription \u00e0 la newsletter ou 13 mois maximum pour les cookies.<\/a><\/p>\n\n<p><strong>Conditions de conservation :<\/strong><\/p>\n\n<p>Toutes les pr\u00e9cautions sont prises pour assurer la s\u00e9curit\u00e9 et la confidentialit\u00e9 de vos donn\u00e9es personnelles, notamment pour emp\u00eacher leur perte, alt\u00e9ration, destruction ou utilisation par des tiers non autoris\u00e9s.<\/p>\n\n<p><strong>Transfert de donn\u00e9es :<\/strong><\/p>\n\n<p><a>Les donn\u00e9es personnelles collect\u00e9es et trait\u00e9es par le responsable de traitement peuvent \u00eatre partag\u00e9es en tout ou parti avec d\u2019autres entit\u00e9s du Groupe VALOREM pour les finalit\u00e9s d\u00e9crites ci-avant.<\/a><\/p>\n\n<p>Les informations collect\u00e9es ne sont pas transf\u00e9r\u00e9es en dehors de l\u2019Union Europ\u00e9enne et, si un tel transfert ne pouvait \u00eatre \u00e9vit\u00e9 pour une raison ponctuelle, limit\u00e9e et l\u00e9gitime, VALOREM prendra toutes les garanties n\u00e9cessaires conform\u00e9ment au RGPD et \u00e0 toute l\u00e9gislation nationale concern\u00e9e.<\/p>\n\n<p><strong>Droit des personnes :<\/strong><\/p>\n\n<p>Tout utilisateur peut disposer d\u2019un droit d\u2019acc\u00e8s, de rectification, d\u2019opposition, d\u2019effacement, de limitation et de portabilit\u00e9 des donn\u00e9es personnelles le concernant, en effectuant sa demande par \u00e9crit, accompagn\u00e9e d\u2019une copie d\u2019une pi\u00e8ce d\u2019identit\u00e9 et en pr\u00e9cisant l\u2019adresse \u00e0 laquelle la r\u00e9ponse du responsable de traitement doit \u00eatre envoy\u00e9e.<\/p>\n\n<p>Toute demande est \u00e0 envoyer \u00e0 :<\/p>\n\n<p><strong>DPO VALEMO<\/strong><\/p>\n\n<p><strong>213 Cours Victor HUGO 33130 BEGLES<\/strong><\/p>\n\n<p><a href=\"mailto:CIL@Valorem-energie.com\"><strong>CIL@Valorem-energie.com<\/strong><\/a><strong><\/strong><\/p>\n\n<p>Si vous estimez, apr\u00e8s nous avoir contact\u00e9, que vos droits ne sont pas respect\u00e9s, vous pouvez adresser une r\u00e9clamation en ligne \u00e0 la CNIL ou par courrier postal.<\/p>\n\n<p><strong>COMMISSION NATIONALE DE L&#8217;INFORMATIQUE ET DES LIBERT\u00c9S<\/strong><\/p>\n\n<p><strong>Adresse postale : 3 Place de Fontenoy &#8211; TSA 80715 &#8211; 75334 PARIS CEDEX 07<\/strong><\/p>\n\n<p><strong>T\u00e9l : 01 53 73 22 22<\/strong><\/p>\n\n<p><strong>Fax : 01 53 73 22 00<\/strong><\/p>\n\n<figure class=\"wp-block-embed\"><div class=\"wp-block-embed__wrapper\">\nhttps:\/\/www.cnil.fr\/fr\/vous-souhaitez-contacter-la-cnil\n<\/div><\/figure>\n\n<p><strong><u>Article 2 : Cookies.<\/u><\/strong><\/p>\n\n<p><strong>2.1 Cookies :<\/strong><\/p>\n\n<p><strong>D\u00e9finition :<\/strong><\/p>\n\n<p>La navigation sur le Site est susceptible de provoquer l\u2019installation de cookies sur le terminal de l\u2019utilisateur. Un cookie est un petit fichier informatique, un <strong>traceur<\/strong>, d\u00e9pos\u00e9 et lu par exemple lors de la consultation d&#8217;un site internet et ce, quel que soit le type de terminal utilis\u00e9 (ordinateur, smartphone, liseuse num\u00e9rique, etc.). <\/p>\n\n<p><strong>Cat\u00e9gories de cookies utilis\u00e9s et finalit\u00e9s :<\/strong><\/p>\n\n<p>Dans le cadre de votre navigation sur le Site, diff\u00e9rentes cat\u00e9gories de cookies sont susceptibles d\u2019\u00eatre d\u00e9pos\u00e9es sur votre terminal :<\/p>\n\n<ul class=\"wp-block-list\"><li><strong>Cookies d\u00e9pos\u00e9s par VALEMO<\/strong>: il s\u2019agit ici de <strong>cookies techniques<\/strong> permettant de s\u00e9lectionner la langue de l\u2019utilisateur et d\u2019optimiser l\u2019affichage du Site. La soci\u00e9t\u00e9 VALEMO d\u00e9pose <strong>\u00e9galement des cookies d\u2019audience<\/strong> dont la finalit\u00e9 a vocation \u00e0 conna\u00eetre le nombre de visiteurs ayant consult\u00e9 le site.<\/li><\/ul>\n<ul class=\"wp-block-list\"><li><strong>Cookies tiers<\/strong> : il s\u2019agit de cookies d\u00e9pos\u00e9s par des soci\u00e9t\u00e9s tierces \u00e0 la soci\u00e9t\u00e9 VALEMO. Ces cookies sont d\u00e9pos\u00e9s via les services de partage de vid\u00e9o ont pour finalit\u00e9 de permettre \u00e0 l\u2019utilisateur de visionner directement sur le Site le contenu multim\u00e9dia.<\/li><\/ul>\n<p><strong>Dur\u00e9e de conservation :<\/strong><\/p>\n\n<p>La dur\u00e9e de conservation des cookies est de 13 mois maximum, au-del\u00e0 il vous sera demand\u00e9 de consentir une nouvelle fois \u00e0 leur utilisation.<\/p>\n\n<p><strong>Comment refuser le d\u00e9p\u00f4t des cookies sur mon terminal ?<\/strong><\/p>\n\n<p>A l\u2019exception des cookies techniques qui conditionnent la possibilit\u00e9 de naviguer sur le Site, vous avez la possibilit\u00e9 de refuser l\u2019installation des cookies d\u2019audience et des cookies tiers en <strong>cliquant sur \u00ab refuser<\/strong> \u00bb dans le bandeau d\u2019information sur les cookies ou de les personnaliser en s\u00e9lectionnant les options voulues dans \u00ab personnaliser \u00bb.<\/p>\n\n<p><strong>Si vous souhaiter retirer votre consentement au d\u00e9p\u00f4t de cookies<\/strong> (\u00e0 l\u2019exception des cookies techniques) vous pouvez configurer votre navigateur Internet de mani\u00e8re \u00e0 restreindre, bloquer ou supprimer les cookies. En fonction du navigateur utilis\u00e9, vous pouvez consulter le menu de param\u00e9trage ou de confidentialit\u00e9 de votre navigateur ou consulter le centre d\u2019aide. Le tableau ci-dessous propose des liens vers la m\u00e9thode de param\u00e9trage des navigateurs les plus couramment utilis\u00e9s.<\/p>\n\n<figure class=\"wp-block-table\"><table><tbody><tr><td><strong>NAVIGATEUR<\/strong><\/td><td><strong>METHODE DE PARAMETRAGE<\/strong><\/td><\/tr><tr><td>CHROME<\/td><td>Lien vers la m\u00e9thode de param\u00e9trage de l\u2019historique et des cookies sur Chrome <a href=\"https:\/\/support.google.com\/chrome\/answer\/95647?co=GENIE.Platform%3DDesktop&amp;hl=fr\">https:\/\/support.google.com\/chrome\/answer\/95647?co=GENIE.Platform%3DDesktop&amp;hl=fr<\/a><\/td><\/tr><tr><td>INTERNET EXPLORER<\/td><td>Lien vers la m\u00e9thode de param\u00e9trage de l\u2019historique et des cookies sur Internet explorer <a href=\"https:\/\/support.microsoft.com\/fr-fr\/topic\/supprimer-et-g%C3%A9rer-les-cookies-168dab11-0753-043d-7c16-ede5947fc64d\">https:\/\/support.microsoft.com\/fr-fr\/topic\/supprimer-et-g%C3%A9rer-les-cookies-168dab11-0753-043d-7c16-ede5947fc64d<\/a><\/td><\/tr><tr><td>FIREFOX<\/td><td>Lien vers la m\u00e9thode de param\u00e9trage de l\u2019historique et des cookies sur Firefox <a href=\"https:\/\/support.mozilla.org\/fr\/kb\/effacer-les-cookies-pour-supprimer-les-information\">https:\/\/support.mozilla.org\/fr\/kb\/effacer-les-cookies-pour-supprimer-les-information<\/a><\/td><\/tr><tr><td>SAFARI<\/td><td>Lien vers la m\u00e9thode de param\u00e9trage de l\u2019historique et des cookies sur Safari Smartphones et tablettes <a href=\"https:\/\/support.apple.com\/fr-fr\/HT201265\">https:\/\/support.apple.com\/fr-fr\/HT201265<\/a> ou Mac <a href=\"https:\/\/support.apple.com\/fr-fr\/guide\/safari\/sfri11471\/mac\">https:\/\/support.apple.com\/fr-fr\/guide\/safari\/sfri11471\/mac<\/a><\/td><\/tr><tr><td>EDGE<\/td><td>Lien vers la m\u00e9thode de param\u00e9trage de l\u2019historique et des cookies sur Edge <a href=\"https:\/\/support.microsoft.com\/fr-fr\/windows\/microsoft-edge-donn%C3%A9es-de-navigation-et-confidentialit%C3%A9-bb8174ba-9d73-dcf2-9b4a-c582b4e640dd\">https:\/\/support.microsoft.com\/fr-fr\/windows\/microsoft-edge-donn%C3%A9es-de-navigation-et-confidentialit%C3%A9-bb8174ba-9d73-dcf2-9b4a-c582b4e640dd<\/a><\/td><\/tr><\/tbody><\/table><\/figure>\n<p><strong>***<\/strong><\/p>\n","protected":false},"excerpt":{"rendered":"<p>PROTECTION DES DONNEES PERSONNELLES Article 1 : Traitements des donn\u00e9es personnelles. Responsable de traitement : Le site www.valemo.fr est \u00e9dit\u00e9 par la soci\u00e9t\u00e9 VALEMO, SAS sise 213 cours Victor Hugo 33130 B\u00e8gles inscrite au RCS de Bordeaux sous le n\u00b0387 803 777 (\u00ab VALEMO \u00bb). Afin de garantir au mieux le respect de la r\u00e9glementation [&hellip;]<\/p>\n","protected":false},"author":2,"featured_media":0,"parent":0,"menu_order":0,"comment_status":"closed","ping_status":"closed","template":"","meta":{"_acf_changed":false,"footnotes":""},"class_list":["post-7019","page","type-page","status-publish","hentry"],"acf":[],"yoast_head":"<!-- This site is optimized with the Yoast SEO plugin v25.1 - https:\/\/yoast.com\/wordpress\/plugins\/seo\/ -->\n<title>Politique de protection des donn\u00e9es personnelles - valemo.fr<\/title>\n<meta name=\"robots\" content=\"index, follow, max-snippet:-1, max-image-preview:large, max-video-preview:-1\" \/>\n<link rel=\"canonical\" href=\"https:\/\/valemo.fr\/en\/politique-de-protection-des-donnees-personnelles\/\" \/>\n<meta property=\"og:locale\" content=\"en_US\" \/>\n<meta property=\"og:type\" content=\"article\" \/>\n<meta property=\"og:title\" content=\"Politique de protection des donn\u00e9es personnelles - valemo.fr\" \/>\n<meta property=\"og:description\" content=\"PROTECTION DES DONNEES PERSONNELLES Article 1 : Traitements des donn\u00e9es personnelles. Responsable de traitement : Le site www.valemo.fr est \u00e9dit\u00e9 par la soci\u00e9t\u00e9 VALEMO, SAS sise 213 cours Victor Hugo 33130 B\u00e8gles inscrite au RCS de Bordeaux sous le n\u00b0387 803 777 (\u00ab VALEMO \u00bb). Afin de garantir au mieux le respect de la r\u00e9glementation [&hellip;]\" \/>\n<meta property=\"og:url\" content=\"https:\/\/valemo.fr\/en\/politique-de-protection-des-donnees-personnelles\/\" \/>\n<meta property=\"og:site_name\" content=\"valemo.fr\" \/>\n<meta property=\"article:modified_time\" content=\"2023-02-06T14:25:13+00:00\" \/>\n<meta name=\"twitter:card\" content=\"summary_large_image\" \/>\n<meta name=\"twitter:label1\" content=\"Est. reading time\" \/>\n\t<meta name=\"twitter:data1\" content=\"7 minutes\" \/>\n<script type=\"application\/ld+json\" class=\"yoast-schema-graph\">{\"@context\":\"https:\/\/schema.org\",\"@graph\":[{\"@type\":\"WebPage\",\"@id\":\"https:\/\/valemo.fr\/en\/politique-de-protection-des-donnees-personnelles\/\",\"url\":\"https:\/\/valemo.fr\/en\/politique-de-protection-des-donnees-personnelles\/\",\"name\":\"Politique de protection des donn\u00e9es personnelles - valemo.fr\",\"isPartOf\":{\"@id\":\"https:\/\/valemo.fr\/#website\"},\"datePublished\":\"2020-05-13T09:14:04+00:00\",\"dateModified\":\"2023-02-06T14:25:13+00:00\",\"breadcrumb\":{\"@id\":\"https:\/\/valemo.fr\/en\/politique-de-protection-des-donnees-personnelles\/#breadcrumb\"},\"inLanguage\":\"en-US\",\"potentialAction\":[{\"@type\":\"ReadAction\",\"target\":[\"https:\/\/valemo.fr\/en\/politique-de-protection-des-donnees-personnelles\/\"]}]},{\"@type\":\"BreadcrumbList\",\"@id\":\"https:\/\/valemo.fr\/en\/politique-de-protection-des-donnees-personnelles\/#breadcrumb\",\"itemListElement\":[{\"@type\":\"ListItem\",\"position\":1,\"name\":\"Accueil\",\"item\":\"https:\/\/valemo.fr\/en\/\"},{\"@type\":\"ListItem\",\"position\":2,\"name\":\"Politique de protection des donn\u00e9es personnelles\"}]},{\"@type\":\"WebSite\",\"@id\":\"https:\/\/valemo.fr\/#website\",\"url\":\"https:\/\/valemo.fr\/\",\"name\":\"valemo.fr\",\"description\":\"Exploitation &amp; maintenance EnR\",\"publisher\":{\"@id\":\"https:\/\/valemo.fr\/#organization\"},\"potentialAction\":[{\"@type\":\"SearchAction\",\"target\":{\"@type\":\"EntryPoint\",\"urlTemplate\":\"https:\/\/valemo.fr\/?s={search_term_string}\"},\"query-input\":{\"@type\":\"PropertyValueSpecification\",\"valueRequired\":true,\"valueName\":\"search_term_string\"}}],\"inLanguage\":\"en-US\"},{\"@type\":\"Organization\",\"@id\":\"https:\/\/valemo.fr\/#organization\",\"name\":\"valemo.fr\",\"url\":\"https:\/\/valemo.fr\/\",\"logo\":{\"@type\":\"ImageObject\",\"inLanguage\":\"en-US\",\"@id\":\"https:\/\/valemo.fr\/#\/schema\/logo\/image\/\",\"url\":\"https:\/\/valemo.fr\/wp-content\/uploads\/sites\/16\/2022\/11\/th.jpg\",\"contentUrl\":\"https:\/\/valemo.fr\/wp-content\/uploads\/sites\/16\/2022\/11\/th.jpg\",\"width\":474,\"height\":376,\"caption\":\"valemo.fr\"},\"image\":{\"@id\":\"https:\/\/valemo.fr\/#\/schema\/logo\/image\/\"}}]}<\/script>\n<!-- \/ Yoast SEO plugin. -->","yoast_head_json":{"title":"Politique de protection des donn\u00e9es personnelles - valemo.fr","robots":{"index":"index","follow":"follow","max-snippet":"max-snippet:-1","max-image-preview":"max-image-preview:large","max-video-preview":"max-video-preview:-1"},"canonical":"https:\/\/valemo.fr\/en\/politique-de-protection-des-donnees-personnelles\/","og_locale":"en_US","og_type":"article","og_title":"Politique de protection des donn\u00e9es personnelles - valemo.fr","og_description":"PROTECTION DES DONNEES PERSONNELLES Article 1 : Traitements des donn\u00e9es personnelles. Responsable de traitement : Le site www.valemo.fr est \u00e9dit\u00e9 par la soci\u00e9t\u00e9 VALEMO, SAS sise 213 cours Victor Hugo 33130 B\u00e8gles inscrite au RCS de Bordeaux sous le n\u00b0387 803 777 (\u00ab VALEMO \u00bb). Afin de garantir au mieux le respect de la r\u00e9glementation [&hellip;]","og_url":"https:\/\/valemo.fr\/en\/politique-de-protection-des-donnees-personnelles\/","og_site_name":"valemo.fr","article_modified_time":"2023-02-06T14:25:13+00:00","twitter_card":"summary_large_image","twitter_misc":{"Est. reading time":"7 minutes"},"schema":{"@context":"https:\/\/schema.org","@graph":[{"@type":"WebPage","@id":"https:\/\/valemo.fr\/en\/politique-de-protection-des-donnees-personnelles\/","url":"https:\/\/valemo.fr\/en\/politique-de-protection-des-donnees-personnelles\/","name":"Politique de protection des donn\u00e9es personnelles - valemo.fr","isPartOf":{"@id":"https:\/\/valemo.fr\/#website"},"datePublished":"2020-05-13T09:14:04+00:00","dateModified":"2023-02-06T14:25:13+00:00","breadcrumb":{"@id":"https:\/\/valemo.fr\/en\/politique-de-protection-des-donnees-personnelles\/#breadcrumb"},"inLanguage":"en-US","potentialAction":[{"@type":"ReadAction","target":["https:\/\/valemo.fr\/en\/politique-de-protection-des-donnees-personnelles\/"]}]},{"@type":"BreadcrumbList","@id":"https:\/\/valemo.fr\/en\/politique-de-protection-des-donnees-personnelles\/#breadcrumb","itemListElement":[{"@type":"ListItem","position":1,"name":"Accueil","item":"https:\/\/valemo.fr\/en\/"},{"@type":"ListItem","position":2,"name":"Politique de protection des donn\u00e9es personnelles"}]},{"@type":"WebSite","@id":"https:\/\/valemo.fr\/#website","url":"https:\/\/valemo.fr\/","name":"valemo.fr","description":"Exploitation &amp; maintenance EnR","publisher":{"@id":"https:\/\/valemo.fr\/#organization"},"potentialAction":[{"@type":"SearchAction","target":{"@type":"EntryPoint","urlTemplate":"https:\/\/valemo.fr\/?s={search_term_string}"},"query-input":{"@type":"PropertyValueSpecification","valueRequired":true,"valueName":"search_term_string"}}],"inLanguage":"en-US"},{"@type":"Organization","@id":"https:\/\/valemo.fr\/#organization","name":"valemo.fr","url":"https:\/\/valemo.fr\/","logo":{"@type":"ImageObject","inLanguage":"en-US","@id":"https:\/\/valemo.fr\/#\/schema\/logo\/image\/","url":"https:\/\/valemo.fr\/wp-content\/uploads\/sites\/16\/2022\/11\/th.jpg","contentUrl":"https:\/\/valemo.fr\/wp-content\/uploads\/sites\/16\/2022\/11\/th.jpg","width":474,"height":376,"caption":"valemo.fr"},"image":{"@id":"https:\/\/valemo.fr\/#\/schema\/logo\/image\/"}}]}},"_links":{"self":[{"href":"https:\/\/valemo.fr\/en\/wp-json\/wp\/v2\/pages\/7019","targetHints":{"allow":["GET"]}}],"collection":[{"href":"https:\/\/valemo.fr\/en\/wp-json\/wp\/v2\/pages"}],"about":[{"href":"https:\/\/valemo.fr\/en\/wp-json\/wp\/v2\/types\/page"}],"author":[{"embeddable":true,"href":"https:\/\/valemo.fr\/en\/wp-json\/wp\/v2\/users\/2"}],"replies":[{"embeddable":true,"href":"https:\/\/valemo.fr\/en\/wp-json\/wp\/v2\/comments?post=7019"}],"version-history":[{"count":0,"href":"https:\/\/valemo.fr\/en\/wp-json\/wp\/v2\/pages\/7019\/revisions"}],"wp:attachment":[{"href":"https:\/\/valemo.fr\/en\/wp-json\/wp\/v2\/media?parent=7019"}],"curies":[{"name":"wp","href":"https:\/\/api.w.org\/{rel}","templated":true}]}}